{"id":3,"date":"2024-05-04T08:37:29","date_gmt":"2024-05-04T06:37:29","guid":{"rendered":"http:\/\/spaichinger-buerger-forum.de\/?page_id=3"},"modified":"2024-05-04T10:16:05","modified_gmt":"2024-05-04T08:16:05","slug":"datenschutzerklaerung","status":"publish","type":"page","link":"https:\/\/spaichinger-buerger-forum.de\/?page_id=3","title":{"rendered":"Impressum &amp; Datenschutzerkl\u00e4rung"},"content":{"rendered":"\n<h2 class=\"wp-block-heading\">Impressum<\/h2>\n\n\n\n<p><strong>ANGABEN GEM\u00c4SS \u00a7 5 TMG<\/strong><br>Zdenko Merkt<br>Spaichinger B\u00fcrger Forum<br>Lachstra\u00dfe 27<br>78549 Spaichingen<\/p>\n\n\n\n<p>E-Mail: <a href=\"mailto:info@spaichinger-buerger-forum.de\">info@spaichinger-buerger-forum.de<\/a><\/p>\n\n\n\n<p><strong>Verantwortlich f\u00fcr den Inhalt nach \u00a7 55 Abs. 2 RStV:<\/strong><br>Zdenko Merkt<br>Spaichinger B\u00fcrger Forum<br>Lachstra\u00dfe 27<br>78549 Spaichingen<\/p>\n\n\n\n<hr class=\"wp-block-separator has-alpha-channel-opacity is-style-wide\"\/>\n\n\n\n<h2 class=\"wp-block-heading\">Datenschutz<\/h2>\n\n\n\n<p><\/p>\n","protected":false},"excerpt":{"rendered":"<p>Impressum ANGABEN GEM\u00c4SS \u00a7 5 TMGZdenko MerktSpaichinger B\u00fcrger ForumLachstra\u00dfe 2778549 Spaichingen E-Mail: info@spaichinger-buerger-forum.de Verantwortlich f\u00fcr den Inhalt nach \u00a7 55 Abs. 2 RStV:Zdenko MerktSpaichinger B\u00fcrger ForumLachstra\u00dfe 2778549 Spaichingen Datenschutz<\/p>\n","protected":false},"author":1,"featured_media":0,"parent":0,"menu_order":0,"comment_status":"closed","ping_status":"open","template":"","meta":{"footnotes":""},"class_list":["post-3","page","type-page","status-publish","hentry"],"_links":{"self":[{"href":"https:\/\/spaichinger-buerger-forum.de\/index.php?rest_route=\/wp\/v2\/pages\/3","targetHints":{"allow":["GET"]}}],"collection":[{"href":"https:\/\/spaichinger-buerger-forum.de\/index.php?rest_route=\/wp\/v2\/pages"}],"about":[{"href":"https:\/\/spaichinger-buerger-forum.de\/index.php?rest_route=\/wp\/v2\/types\/page"}],"author":[{"embeddable":true,"href":"https:\/\/spaichinger-buerger-forum.de\/index.php?rest_route=\/wp\/v2\/users\/1"}],"replies":[{"embeddable":true,"href":"https:\/\/spaichinger-buerger-forum.de\/index.php?rest_route=%2Fwp%2Fv2%2Fcomments&post=3"}],"version-history":[{"count":3,"href":"https:\/\/spaichinger-buerger-forum.de\/index.php?rest_route=\/wp\/v2\/pages\/3\/revisions"}],"predecessor-version":[{"id":70,"href":"https:\/\/spaichinger-buerger-forum.de\/index.php?rest_route=\/wp\/v2\/pages\/3\/revisions\/70"}],"wp:attachment":[{"href":"https:\/\/spaichinger-buerger-forum.de\/index.php?rest_route=%2Fwp%2Fv2%2Fmedia&parent=3"}],"curies":[{"name":"wp","href":"https:\/\/api.w.org\/{rel}","templated":true}]}}