{"id":31,"date":"2024-05-04T09:05:26","date_gmt":"2024-05-04T07:05:26","guid":{"rendered":"http:\/\/spaichinger-buerger-forum.de\/?page_id=31"},"modified":"2024-05-04T09:41:32","modified_gmt":"2024-05-04T07:41:32","slug":"unsere-kandidaten","status":"publish","type":"page","link":"http:\/\/spaichinger-buerger-forum.de\/?page_id=31","title":{"rendered":"Unsere Kandidaten"},"content":{"rendered":"\n<div class=\"wp-block-columns is-layout-flex wp-container-core-columns-is-layout-9d6595d7 wp-block-columns-is-layout-flex\">\n<div class=\"wp-block-column is-layout-flow wp-block-column-is-layout-flow\" style=\"flex-basis:33.33%\">\n<figure class=\"wp-block-image size-large\"><img loading=\"lazy\" decoding=\"async\" width=\"1024\" height=\"1024\" src=\"http:\/\/spaichinger-buerger-forum.de\/wp-content\/uploads\/2024\/05\/SBF_Zdenko_Merkt-1024x1024.jpg\" alt=\"\" class=\"wp-image-46\" srcset=\"http:\/\/spaichinger-buerger-forum.de\/wp-content\/uploads\/2024\/05\/SBF_Zdenko_Merkt-1024x1024.jpg 1024w, http:\/\/spaichinger-buerger-forum.de\/wp-content\/uploads\/2024\/05\/SBF_Zdenko_Merkt-300x300.jpg 300w, http:\/\/spaichinger-buerger-forum.de\/wp-content\/uploads\/2024\/05\/SBF_Zdenko_Merkt-150x150.jpg 150w, http:\/\/spaichinger-buerger-forum.de\/wp-content\/uploads\/2024\/05\/SBF_Zdenko_Merkt-768x768.jpg 768w, http:\/\/spaichinger-buerger-forum.de\/wp-content\/uploads\/2024\/05\/SBF_Zdenko_Merkt-1536x1536.jpg 1536w, http:\/\/spaichinger-buerger-forum.de\/wp-content\/uploads\/2024\/05\/SBF_Zdenko_Merkt-2048x2048.jpg 2048w, http:\/\/spaichinger-buerger-forum.de\/wp-content\/uploads\/2024\/05\/SBF_Zdenko_Merkt-1200x1200.jpg 1200w\" sizes=\"auto, (max-width: 709px) 85vw, (max-width: 909px) 67vw, (max-width: 1362px) 62vw, 840px\" \/><\/figure>\n<\/div>\n\n\n\n<div class=\"wp-block-column is-layout-flow wp-block-column-is-layout-flow\" style=\"flex-basis:66.66%\">\n<h3 class=\"wp-block-heading\">Zdenko Merkt<\/h3>\n\n\n\n<p>verheiratet, 2 Kinder<br>Fachhandelswirt<br>Interessen:<br>Kommunalpolitik, Musik, Radfahren, Wandern<br>Im Gemeinderat seit 2019<\/p>\n<\/div>\n<\/div>\n\n\n\n<hr class=\"wp-block-separator has-alpha-channel-opacity is-style-wide\"\/>\n\n\n\n<div class=\"wp-block-columns is-layout-flex wp-container-core-columns-is-layout-9d6595d7 wp-block-columns-is-layout-flex\">\n<div class=\"wp-block-column is-layout-flow wp-block-column-is-layout-flow\" style=\"flex-basis:33.33%\">\n<figure class=\"wp-block-image size-large\"><img loading=\"lazy\" decoding=\"async\" width=\"1024\" height=\"1024\" src=\"http:\/\/spaichinger-buerger-forum.de\/wp-content\/uploads\/2024\/05\/SBF_Christina_Merkt-1024x1024.jpg\" alt=\"\" class=\"wp-image-41\" srcset=\"http:\/\/spaichinger-buerger-forum.de\/wp-content\/uploads\/2024\/05\/SBF_Christina_Merkt-1024x1024.jpg 1024w, http:\/\/spaichinger-buerger-forum.de\/wp-content\/uploads\/2024\/05\/SBF_Christina_Merkt-300x300.jpg 300w, http:\/\/spaichinger-buerger-forum.de\/wp-content\/uploads\/2024\/05\/SBF_Christina_Merkt-150x150.jpg 150w, http:\/\/spaichinger-buerger-forum.de\/wp-content\/uploads\/2024\/05\/SBF_Christina_Merkt-768x768.jpg 768w, http:\/\/spaichinger-buerger-forum.de\/wp-content\/uploads\/2024\/05\/SBF_Christina_Merkt-1536x1536.jpg 1536w, http:\/\/spaichinger-buerger-forum.de\/wp-content\/uploads\/2024\/05\/SBF_Christina_Merkt-2048x2048.jpg 2048w, http:\/\/spaichinger-buerger-forum.de\/wp-content\/uploads\/2024\/05\/SBF_Christina_Merkt-1200x1200.jpg 1200w\" sizes=\"auto, (max-width: 709px) 85vw, (max-width: 909px) 67vw, (max-width: 1362px) 62vw, 840px\" \/><\/figure>\n<\/div>\n\n\n\n<div class=\"wp-block-column is-layout-flow wp-block-column-is-layout-flow\" style=\"flex-basis:66.66%\">\n<h3 class=\"wp-block-heading\">Christina Merkt<\/h3>\n\n\n\n<p>verheiratet, 2 Kinder<br>Gesch\u00e4ftsf\u00fchrerin<br>Interessen:<br>St\u00e4dtereisen, Stadtentwicklungskonzepte, Lesen,<br>Italien<\/p>\n<\/div>\n<\/div>\n\n\n\n<hr class=\"wp-block-separator has-alpha-channel-opacity is-style-wide\"\/>\n\n\n\n<div class=\"wp-block-columns is-layout-flex wp-container-core-columns-is-layout-9d6595d7 wp-block-columns-is-layout-flex\">\n<div class=\"wp-block-column is-layout-flow wp-block-column-is-layout-flow\" style=\"flex-basis:33.33%\">\n<div class=\"wp-block-group\"><div class=\"wp-block-group__inner-container is-layout-constrained wp-block-group-is-layout-constrained\">\n<figure class=\"wp-block-image size-large\"><img loading=\"lazy\" decoding=\"async\" width=\"1024\" height=\"1024\" src=\"http:\/\/spaichinger-buerger-forum.de\/wp-content\/uploads\/2024\/05\/SBF_Oliver_Merkt-1024x1024.jpg\" alt=\"\" class=\"wp-image-43\" srcset=\"http:\/\/spaichinger-buerger-forum.de\/wp-content\/uploads\/2024\/05\/SBF_Oliver_Merkt-1024x1024.jpg 1024w, http:\/\/spaichinger-buerger-forum.de\/wp-content\/uploads\/2024\/05\/SBF_Oliver_Merkt-300x300.jpg 300w, http:\/\/spaichinger-buerger-forum.de\/wp-content\/uploads\/2024\/05\/SBF_Oliver_Merkt-150x150.jpg 150w, http:\/\/spaichinger-buerger-forum.de\/wp-content\/uploads\/2024\/05\/SBF_Oliver_Merkt-768x768.jpg 768w, http:\/\/spaichinger-buerger-forum.de\/wp-content\/uploads\/2024\/05\/SBF_Oliver_Merkt-1536x1536.jpg 1536w, http:\/\/spaichinger-buerger-forum.de\/wp-content\/uploads\/2024\/05\/SBF_Oliver_Merkt-2048x2048.jpg 2048w, http:\/\/spaichinger-buerger-forum.de\/wp-content\/uploads\/2024\/05\/SBF_Oliver_Merkt-1200x1200.jpg 1200w\" sizes=\"auto, (max-width: 709px) 85vw, (max-width: 909px) 67vw, (max-width: 1362px) 62vw, 840px\" \/><\/figure>\n<\/div><\/div>\n<\/div>\n\n\n\n<div class=\"wp-block-column is-layout-flow wp-block-column-is-layout-flow\" style=\"flex-basis:66.66%\">\n<h3 class=\"wp-block-heading\">Oliver Merkt<\/h3>\n\n\n\n<p>verheiratet, 2 Kinder<br>Gesch\u00e4ftsf\u00fchrer<br>Interessen:<br>Reisen, Sport, Radfahren, Oldtimer<\/p>\n<\/div>\n<\/div>\n\n\n\n<hr class=\"wp-block-separator has-alpha-channel-opacity is-style-wide\"\/>\n\n\n\n<div class=\"wp-block-columns is-layout-flex wp-container-core-columns-is-layout-9d6595d7 wp-block-columns-is-layout-flex\">\n<div class=\"wp-block-column is-layout-flow wp-block-column-is-layout-flow\" style=\"flex-basis:33.33%\">\n<figure class=\"wp-block-image size-large\"><img loading=\"lazy\" decoding=\"async\" width=\"1024\" height=\"1024\" src=\"http:\/\/spaichinger-buerger-forum.de\/wp-content\/uploads\/2024\/05\/SBF_Saxana_Aniol-1024x1024.jpg\" alt=\"\" class=\"wp-image-45\" srcset=\"http:\/\/spaichinger-buerger-forum.de\/wp-content\/uploads\/2024\/05\/SBF_Saxana_Aniol-1024x1024.jpg 1024w, http:\/\/spaichinger-buerger-forum.de\/wp-content\/uploads\/2024\/05\/SBF_Saxana_Aniol-300x300.jpg 300w, http:\/\/spaichinger-buerger-forum.de\/wp-content\/uploads\/2024\/05\/SBF_Saxana_Aniol-150x150.jpg 150w, http:\/\/spaichinger-buerger-forum.de\/wp-content\/uploads\/2024\/05\/SBF_Saxana_Aniol-768x768.jpg 768w, http:\/\/spaichinger-buerger-forum.de\/wp-content\/uploads\/2024\/05\/SBF_Saxana_Aniol-1536x1536.jpg 1536w, http:\/\/spaichinger-buerger-forum.de\/wp-content\/uploads\/2024\/05\/SBF_Saxana_Aniol-2048x2048.jpg 2048w, http:\/\/spaichinger-buerger-forum.de\/wp-content\/uploads\/2024\/05\/SBF_Saxana_Aniol-1200x1200.jpg 1200w\" sizes=\"auto, (max-width: 709px) 85vw, (max-width: 909px) 67vw, (max-width: 1362px) 62vw, 840px\" \/><\/figure>\n<\/div>\n\n\n\n<div class=\"wp-block-column is-layout-flow wp-block-column-is-layout-flow\" style=\"flex-basis:66.66%\">\n<h3 class=\"wp-block-heading\">Saxana Aniol<\/h3>\n\n\n\n<p>verheiratet,&nbsp; 1 Kind<br>Sozialarbeiterin B.A.<br>Interessen:<br>Kunst,<br>soziale Themen,<br>Unternehmungen mit Freunden und Familie<\/p>\n<\/div>\n<\/div>\n\n\n\n<hr class=\"wp-block-separator has-alpha-channel-opacity is-style-wide\"\/>\n\n\n\n<div class=\"wp-block-columns is-layout-flex wp-container-core-columns-is-layout-9d6595d7 wp-block-columns-is-layout-flex\">\n<div class=\"wp-block-column is-layout-flow wp-block-column-is-layout-flow\" style=\"flex-basis:33.33%\">\n<figure class=\"wp-block-image size-large\"><img loading=\"lazy\" decoding=\"async\" width=\"1024\" height=\"1024\" src=\"http:\/\/spaichinger-buerger-forum.de\/wp-content\/uploads\/2024\/05\/SBF_Rodolfo_Aniol-1024x1024.jpg\" alt=\"\" class=\"wp-image-44\" srcset=\"http:\/\/spaichinger-buerger-forum.de\/wp-content\/uploads\/2024\/05\/SBF_Rodolfo_Aniol-1024x1024.jpg 1024w, http:\/\/spaichinger-buerger-forum.de\/wp-content\/uploads\/2024\/05\/SBF_Rodolfo_Aniol-300x300.jpg 300w, http:\/\/spaichinger-buerger-forum.de\/wp-content\/uploads\/2024\/05\/SBF_Rodolfo_Aniol-150x150.jpg 150w, http:\/\/spaichinger-buerger-forum.de\/wp-content\/uploads\/2024\/05\/SBF_Rodolfo_Aniol-768x768.jpg 768w, http:\/\/spaichinger-buerger-forum.de\/wp-content\/uploads\/2024\/05\/SBF_Rodolfo_Aniol-1536x1536.jpg 1536w, http:\/\/spaichinger-buerger-forum.de\/wp-content\/uploads\/2024\/05\/SBF_Rodolfo_Aniol-2048x2048.jpg 2048w, http:\/\/spaichinger-buerger-forum.de\/wp-content\/uploads\/2024\/05\/SBF_Rodolfo_Aniol-1200x1200.jpg 1200w\" sizes=\"auto, (max-width: 709px) 85vw, (max-width: 909px) 67vw, (max-width: 1362px) 62vw, 840px\" \/><\/figure>\n<\/div>\n\n\n\n<div class=\"wp-block-column is-layout-flow wp-block-column-is-layout-flow\" style=\"flex-basis:66.66%\">\n<h3 class=\"wp-block-heading\">Rodolfo Aniol<\/h3>\n\n\n\n<p>verheiratet, 1 Kind<br>Teamleiter<br>Qualifizierung<br>Interessen:<br>Technik, Kochen, Malen, Gaming<\/p>\n<\/div>\n<\/div>\n","protected":false},"excerpt":{"rendered":"<p>Zdenko Merkt verheiratet, 2 KinderFachhandelswirtInteressen:Kommunalpolitik, Musik, Radfahren, WandernIm Gemeinderat seit 2019 Christina Merkt verheiratet, 2 KinderGesch\u00e4ftsf\u00fchrerinInteressen:St\u00e4dtereisen, Stadtentwicklungskonzepte, Lesen,Italien Oliver Merkt verheiratet, 2 KinderGesch\u00e4ftsf\u00fchrerInteressen:Reisen, Sport, Radfahren, Oldtimer Saxana Aniol verheiratet,&nbsp; 1 KindSozialarbeiterin B.A.Interessen:Kunst,soziale Themen,Unternehmungen mit Freunden und Familie Rodolfo Aniol verheiratet, 1 KindTeamleiterQualifizierungInteressen:Technik, Kochen, Malen, Gaming<\/p>\n","protected":false},"author":1,"featured_media":0,"parent":0,"menu_order":0,"comment_status":"closed","ping_status":"closed","template":"","meta":{"footnotes":""},"class_list":["post-31","page","type-page","status-publish","hentry"],"_links":{"self":[{"href":"http:\/\/spaichinger-buerger-forum.de\/index.php?rest_route=\/wp\/v2\/pages\/31","targetHints":{"allow":["GET"]}}],"collection":[{"href":"http:\/\/spaichinger-buerger-forum.de\/index.php?rest_route=\/wp\/v2\/pages"}],"about":[{"href":"http:\/\/spaichinger-buerger-forum.de\/index.php?rest_route=\/wp\/v2\/types\/page"}],"author":[{"embeddable":true,"href":"http:\/\/spaichinger-buerger-forum.de\/index.php?rest_route=\/wp\/v2\/users\/1"}],"replies":[{"embeddable":true,"href":"http:\/\/spaichinger-buerger-forum.de\/index.php?rest_route=%2Fwp%2Fv2%2Fcomments&post=31"}],"version-history":[{"count":4,"href":"http:\/\/spaichinger-buerger-forum.de\/index.php?rest_route=\/wp\/v2\/pages\/31\/revisions"}],"predecessor-version":[{"id":63,"href":"http:\/\/spaichinger-buerger-forum.de\/index.php?rest_route=\/wp\/v2\/pages\/31\/revisions\/63"}],"wp:attachment":[{"href":"http:\/\/spaichinger-buerger-forum.de\/index.php?rest_route=%2Fwp%2Fv2%2Fmedia&parent=31"}],"curies":[{"name":"wp","href":"https:\/\/api.w.org\/{rel}","templated":true}]}}